{"id":3,"date":"2025-10-03T08:16:44","date_gmt":"2025-10-03T08:16:44","guid":{"rendered":"https:\/\/lafabricaespaicreatiu03102025.rkinformatika.online\/?page_id=3"},"modified":"2025-10-07T13:28:08","modified_gmt":"2025-10-07T13:28:08","slug":"accessibilitat","status":"publish","type":"page","link":"https:\/\/lafabricaespaicreatiu.com\/es\/accessibilitat\/","title":{"rendered":"Accesibilidad"},"content":{"rendered":"<div data-elementor-type=\"wp-page\" data-elementor-id=\"3\" class=\"elementor elementor-3\" data-elementor-post-type=\"page\">\n\t\t\t\t\t\t<section class=\"elementor-section elementor-top-section elementor-element elementor-element-c62292b elementor-section-boxed elementor-section-height-default elementor-section-height-default\" data-id=\"c62292b\" data-element_type=\"section\" data-e-type=\"section\">\n\t\t\t\t\t\t<div class=\"elementor-container elementor-column-gap-default\">\n\t\t\t\t\t<div class=\"elementor-column elementor-col-100 elementor-top-column elementor-element elementor-element-31aff04\" data-id=\"31aff04\" data-element_type=\"column\" data-e-type=\"column\">\n\t\t\t<div class=\"elementor-widget-wrap elementor-element-populated\">\n\t\t\t\t\t\t<div class=\"elementor-element elementor-element-79094f1 elementor-widget elementor-widget-text-editor\" data-id=\"79094f1\" data-element_type=\"widget\" data-e-type=\"widget\" data-widget_type=\"text-editor.default\">\n\t\t\t\t\t\t\t\t\t<p align=\"justify\"><span style=\"font-size: xx-large;\"><b>ACCESSIBILITAT<\/b><\/span><\/p><p align=\"justify\"><b>La F\u00e0brica Espai Creatiu S.L<\/b>\u00a0s&#8217;ha comprom\u00e8s a fer accessible el seu lloc web, de conformitat amb el <span style=\"color: #0062c4;\"><u>Reial Decret 1112\/2018, de 7 de setembre, sobre accessibilitat dels llocs web i aplicacions per a dispositius m\u00f2bils del sector p\u00fablic<\/u><\/span>. Aquesta declaraci\u00f3 d&#8217;accessibilitat s&#8217;aplica al lloc web <b>https:\/\/lafabricaespaicreatiu.com.<\/b><\/p><p align=\"justify\"><span style=\"font-size: x-large;\"><b>Situaci\u00f3 de compliment<\/b><\/span><\/p><p align=\"justify\">Aquest lloc web \u00e9s parcialment conforme amb el <span style=\"color: #0062c4;\"><u>RD 1112\/2018<\/u><\/span>.<\/p><p align=\"justify\"><span style=\"font-size: x-large;\"><b>Preparaci\u00f3 per a la seg\u00fcent declaraci\u00f3 d&#8217;accessibilitat<\/b><\/span><\/p><p align=\"justify\">Aquesta declaraci\u00f3 va ser preparada el <b>07 de Octubre de 2025.<\/b><\/p><p align=\"justify\">El m\u00e8tode emprat per preparar la declaraci\u00f3 ha estat una autoavaluaci\u00f3 duta a terme pel mateix organisme.<\/p><p align=\"justify\">Observacions i dades de contacte<\/p><p align=\"justify\">Podeu realitzar comunicacions sobre requisits d&#8217;accessibilitat (article 10.2.a del RD 1112\/2018) com ara:<\/p><ul><li><p align=\"justify\">Informar sobre qualsevol possible incompliment per part d&#8217;aquest lloc web<\/p><\/li><li><p align=\"justify\">Transmetre altres dificultats d&#8217;acc\u00e9s al contingut<\/p><\/li><li><p align=\"justify\">Formular qualsevol altra consulta o suggeriment de millora relativa a l&#8217;accessibilitat del lloc web<\/p><\/li><\/ul><p align=\"justify\">a trav\u00e9s del formulari de contacte d&#8217;aquest lloc web o mitjan\u00e7ant el n\u00famero de tel\u00e8fon <b>(+34) 609 373 147<\/b><\/p><p align=\"justify\">Podeu presentar:<\/p><ul><li><p align=\"justify\">Queixa relativa al compliment dels requisits del RD 1112\/2018 o<\/p><\/li><li><p align=\"justify\">Sol\u00b7licitud d&#8217;informaci\u00f3 accessible relativa a:<\/p><\/li><\/ul><ul><li style=\"list-style-type: none;\"><ul><li><p align=\"justify\">Continguts que estan exclosos de l&#8217;\u00e0mbit d&#8217;aplicaci\u00f3 del RD 1112\/2018 segons el que estableix l&#8217;article 3, apartat 4<\/p><\/li><li><p align=\"justify\">Continguts que estan exempts del compliment dels requisits d&#8217;accessibilitat per imposar una c\u00e0rrega desproporcionada<\/p><\/li><\/ul><\/li><\/ul><p align=\"justify\">A la Sol\u00b7licitud d&#8217;informaci\u00f3 accessible, cal concretar, amb tota claredat, els fets, les raons i la petici\u00f3 que permetin constatar que es tracta d&#8217;una sol\u00b7licitud raonable i leg\u00edtima.<\/p><p align=\"justify\">Les queixes i les reclamacions sobre informaci\u00f3 accessible es realitzaran a trav\u00e9s de la seu electr\u00f2nica (<b>https:\/\/lafabricaespaicreatiu.com\/contacto\/<\/b>), i seran rebudes i tractades per l&#8217;\u00e0rea de Sistemes de la Informaci\u00f3 de <b>La F\u00e0brica Espai Creatiu S.L.<\/b><\/p><p align=\"justify\"><span style=\"font-size: x-large;\"><b>Contingut opcional<\/b><\/span><\/p><p align=\"justify\">Aquest portal est\u00e0 dissenyat per poder canviar la mida del text i el color, aix\u00ed com el fons de la p\u00e0gina mitjan\u00e7ant les opcions de configuraci\u00f3 est\u00e0ndard dels navegadors.<\/p><p align=\"justify\">Si voleu canviar la mida de lletra del text als principals navegadors gr\u00e0fics utilitzeu els men\u00fas seg\u00fcents:<\/p><ul><li><p align=\"justify\">Internet Explorer, Mozilla i Firefox: Veure &gt; Mida del text<\/p><\/li><li><p align=\"justify\">Opera: Veure &gt; Zoom<\/p><\/li><li><p align=\"justify\">Safari: Veure &gt; Fer el text m\u00e9s gran<\/p><\/li><li><p align=\"justify\">Chrome: Controla la p\u00e0gina actual &gt; Mida del text<\/p><\/li><li><p align=\"justify\">Per modificar la mida de tot a la p\u00e0gina:<\/p><ul><li><p align=\"justify\">Ctrl + + per augmentar-lo<\/p><\/li><li><p align=\"justify\">Ctrl + \u2013 per disminuir-lo<\/p><\/li><li><p align=\"justify\">Ctrl + 0 restaura la mida original del text<\/p><\/li><li><p align=\"justify\">Si el que voleu \u00e9s anul\u00b7lar el full d&#8217;estils o modificar el color del text, podeu consultar la p\u00e0gina\u00a0How to Change Text Size o Colors de la WAI, que es pot llegir tradu\u00eft a l&#8217;espanyol a Com canviar la mida del text o colors?<\/p><\/li><\/ul><\/li><\/ul>\t\t\t\t\t\t\t\t<\/div>\n\t\t\t\t\t<\/div>\n\t\t<\/div>\n\t\t\t\t\t<\/div>\n\t\t<\/section>\n\t\t\t\t<\/div>","protected":false},"excerpt":{"rendered":"<p>ACCESSIBILITAT La F\u00e0brica Espai Creatiu S.L\u00a0s&#8217;ha comprom\u00e8s a fer accessible el seu lloc web, de conformitat amb el Reial Decret 1112\/2018, de 7 de setembre, sobre accessibilitat dels llocs web i aplicacions per a dispositius m\u00f2bils del sector p\u00fablic. Aquesta declaraci\u00f3 d&#8217;accessibilitat s&#8217;aplica al lloc web https:\/\/lafabricaespaicreatiu.com. Situaci\u00f3 de compliment Aquest lloc web \u00e9s parcialment [&hellip;]<\/p>\n","protected":false},"author":1,"featured_media":0,"parent":0,"menu_order":0,"comment_status":"closed","ping_status":"closed","template":"elementor_canvas","meta":{"footnotes":""},"class_list":["post-3","page","type-page","status-publish","hentry"],"yoast_head":"<!-- This site is optimized with the Yoast SEO plugin v27.5 - https:\/\/yoast.com\/product\/yoast-seo-wordpress\/ -->\n<title>Accessibilitat - La F\u00e0brica Espai Creatiu S.L.<\/title>\n<meta name=\"robots\" content=\"index, follow, max-snippet:-1, max-image-preview:large, max-video-preview:-1\" \/>\n<link rel=\"canonical\" href=\"https:\/\/lafabricaespaicreatiu.com\/es\/accessibilitat\/\" \/>\n<meta property=\"og:locale\" content=\"es_ES\" \/>\n<meta property=\"og:type\" content=\"article\" \/>\n<meta property=\"og:title\" content=\"Accessibilitat - La F\u00e0brica Espai Creatiu S.L.\" \/>\n<meta property=\"og:description\" content=\"ACCESSIBILITAT La F\u00e0brica Espai Creatiu S.L\u00a0s&#8217;ha comprom\u00e8s a fer accessible el seu lloc web, de conformitat amb el Reial Decret 1112\/2018, de 7 de setembre, sobre accessibilitat dels llocs web i aplicacions per a dispositius m\u00f2bils del sector p\u00fablic. Aquesta declaraci\u00f3 d&#8217;accessibilitat s&#8217;aplica al lloc web https:\/\/lafabricaespaicreatiu.com. Situaci\u00f3 de compliment Aquest lloc web \u00e9s parcialment [&hellip;]\" \/>\n<meta property=\"og:url\" content=\"https:\/\/lafabricaespaicreatiu.com\/es\/accessibilitat\/\" \/>\n<meta property=\"og:site_name\" content=\"La F\u00e0brica Espai Creatiu S.L.\" \/>\n<meta property=\"article:modified_time\" content=\"2025-10-07T13:28:08+00:00\" \/>\n<meta name=\"twitter:card\" content=\"summary_large_image\" \/>\n<meta name=\"twitter:label1\" content=\"Tiempo de lectura\" \/>\n\t<meta name=\"twitter:data1\" content=\"2 minutos\" \/>\n<script type=\"application\/ld+json\" class=\"yoast-schema-graph\">{\"@context\":\"https:\\\/\\\/schema.org\",\"@graph\":[{\"@type\":\"WebPage\",\"@id\":\"https:\\\/\\\/lafabricaespaicreatiu.com\\\/accessibilitat\\\/\",\"url\":\"https:\\\/\\\/lafabricaespaicreatiu.com\\\/accessibilitat\\\/\",\"name\":\"Accessibilitat - La F\u00e0brica Espai Creatiu S.L.\",\"isPartOf\":{\"@id\":\"https:\\\/\\\/lafabricaespaicreatiu.com\\\/#website\"},\"datePublished\":\"2025-10-03T08:16:44+00:00\",\"dateModified\":\"2025-10-07T13:28:08+00:00\",\"breadcrumb\":{\"@id\":\"https:\\\/\\\/lafabricaespaicreatiu.com\\\/accessibilitat\\\/#breadcrumb\"},\"inLanguage\":\"es\",\"potentialAction\":[{\"@type\":\"ReadAction\",\"target\":[\"https:\\\/\\\/lafabricaespaicreatiu.com\\\/accessibilitat\\\/\"]}]},{\"@type\":\"BreadcrumbList\",\"@id\":\"https:\\\/\\\/lafabricaespaicreatiu.com\\\/accessibilitat\\\/#breadcrumb\",\"itemListElement\":[{\"@type\":\"ListItem\",\"position\":1,\"name\":\"Portada\",\"item\":\"https:\\\/\\\/lafabricaespaicreatiu.com\\\/\"},{\"@type\":\"ListItem\",\"position\":2,\"name\":\"Accessibilitat\"}]},{\"@type\":\"WebSite\",\"@id\":\"https:\\\/\\\/lafabricaespaicreatiu.com\\\/#website\",\"url\":\"https:\\\/\\\/lafabricaespaicreatiu.com\\\/\",\"name\":\"La F\u00e0brica Espai Creatiu S.L.\",\"description\":\"Disseny gr\u00e0fic, objectes amb materials reciclats. \",\"publisher\":{\"@id\":\"https:\\\/\\\/lafabricaespaicreatiu.com\\\/#organization\"},\"potentialAction\":[{\"@type\":\"SearchAction\",\"target\":{\"@type\":\"EntryPoint\",\"urlTemplate\":\"https:\\\/\\\/lafabricaespaicreatiu.com\\\/?s={search_term_string}\"},\"query-input\":{\"@type\":\"PropertyValueSpecification\",\"valueRequired\":true,\"valueName\":\"search_term_string\"}}],\"inLanguage\":\"es\"},{\"@type\":\"Organization\",\"@id\":\"https:\\\/\\\/lafabricaespaicreatiu.com\\\/#organization\",\"name\":\"La F\u00e0brica Espai Creatiu S.L.\",\"url\":\"https:\\\/\\\/lafabricaespaicreatiu.com\\\/\",\"logo\":{\"@type\":\"ImageObject\",\"inLanguage\":\"es\",\"@id\":\"https:\\\/\\\/lafabricaespaicreatiu.com\\\/#\\\/schema\\\/logo\\\/image\\\/\",\"url\":\"https:\\\/\\\/lafabricaespaicreatiu.com\\\/wp-content\\\/uploads\\\/2025\\\/10\\\/cropped-B55080840_logoarriba-e1759481023235.jpg\",\"contentUrl\":\"https:\\\/\\\/lafabricaespaicreatiu.com\\\/wp-content\\\/uploads\\\/2025\\\/10\\\/cropped-B55080840_logoarriba-e1759481023235.jpg\",\"width\":346,\"height\":173,\"caption\":\"La F\u00e0brica Espai Creatiu S.L.\"},\"image\":{\"@id\":\"https:\\\/\\\/lafabricaespaicreatiu.com\\\/#\\\/schema\\\/logo\\\/image\\\/\"}}]}<\/script>\n<!-- \/ Yoast SEO plugin. -->","yoast_head_json":{"title":"Accessibilitat - La F\u00e0brica Espai Creatiu S.L.","robots":{"index":"index","follow":"follow","max-snippet":"max-snippet:-1","max-image-preview":"max-image-preview:large","max-video-preview":"max-video-preview:-1"},"canonical":"https:\/\/lafabricaespaicreatiu.com\/es\/accessibilitat\/","og_locale":"es_ES","og_type":"article","og_title":"Accessibilitat - La F\u00e0brica Espai Creatiu S.L.","og_description":"ACCESSIBILITAT La F\u00e0brica Espai Creatiu S.L\u00a0s&#8217;ha comprom\u00e8s a fer accessible el seu lloc web, de conformitat amb el Reial Decret 1112\/2018, de 7 de setembre, sobre accessibilitat dels llocs web i aplicacions per a dispositius m\u00f2bils del sector p\u00fablic. Aquesta declaraci\u00f3 d&#8217;accessibilitat s&#8217;aplica al lloc web https:\/\/lafabricaespaicreatiu.com. Situaci\u00f3 de compliment Aquest lloc web \u00e9s parcialment [&hellip;]","og_url":"https:\/\/lafabricaespaicreatiu.com\/es\/accessibilitat\/","og_site_name":"La F\u00e0brica Espai Creatiu S.L.","article_modified_time":"2025-10-07T13:28:08+00:00","twitter_card":"summary_large_image","twitter_misc":{"Tiempo de lectura":"2 minutos"},"schema":{"@context":"https:\/\/schema.org","@graph":[{"@type":"WebPage","@id":"https:\/\/lafabricaespaicreatiu.com\/accessibilitat\/","url":"https:\/\/lafabricaespaicreatiu.com\/accessibilitat\/","name":"Accessibilitat - La F\u00e0brica Espai Creatiu S.L.","isPartOf":{"@id":"https:\/\/lafabricaespaicreatiu.com\/#website"},"datePublished":"2025-10-03T08:16:44+00:00","dateModified":"2025-10-07T13:28:08+00:00","breadcrumb":{"@id":"https:\/\/lafabricaespaicreatiu.com\/accessibilitat\/#breadcrumb"},"inLanguage":"es","potentialAction":[{"@type":"ReadAction","target":["https:\/\/lafabricaespaicreatiu.com\/accessibilitat\/"]}]},{"@type":"BreadcrumbList","@id":"https:\/\/lafabricaespaicreatiu.com\/accessibilitat\/#breadcrumb","itemListElement":[{"@type":"ListItem","position":1,"name":"Portada","item":"https:\/\/lafabricaespaicreatiu.com\/"},{"@type":"ListItem","position":2,"name":"Accessibilitat"}]},{"@type":"WebSite","@id":"https:\/\/lafabricaespaicreatiu.com\/#website","url":"https:\/\/lafabricaespaicreatiu.com\/","name":"La F\u00e0brica Espai Creatiu S.L.","description":"Disseny gr\u00e0fic, objectes amb materials reciclats.","publisher":{"@id":"https:\/\/lafabricaespaicreatiu.com\/#organization"},"potentialAction":[{"@type":"SearchAction","target":{"@type":"EntryPoint","urlTemplate":"https:\/\/lafabricaespaicreatiu.com\/?s={search_term_string}"},"query-input":{"@type":"PropertyValueSpecification","valueRequired":true,"valueName":"search_term_string"}}],"inLanguage":"es"},{"@type":"Organization","@id":"https:\/\/lafabricaespaicreatiu.com\/#organization","name":"La F\u00e0brica Espai Creatiu S.L.","url":"https:\/\/lafabricaespaicreatiu.com\/","logo":{"@type":"ImageObject","inLanguage":"es","@id":"https:\/\/lafabricaespaicreatiu.com\/#\/schema\/logo\/image\/","url":"https:\/\/lafabricaespaicreatiu.com\/wp-content\/uploads\/2025\/10\/cropped-B55080840_logoarriba-e1759481023235.jpg","contentUrl":"https:\/\/lafabricaespaicreatiu.com\/wp-content\/uploads\/2025\/10\/cropped-B55080840_logoarriba-e1759481023235.jpg","width":346,"height":173,"caption":"La F\u00e0brica Espai Creatiu S.L."},"image":{"@id":"https:\/\/lafabricaespaicreatiu.com\/#\/schema\/logo\/image\/"}}]}},"_links":{"self":[{"href":"https:\/\/lafabricaespaicreatiu.com\/es\/wp-json\/wp\/v2\/pages\/3","targetHints":{"allow":["GET"]}}],"collection":[{"href":"https:\/\/lafabricaespaicreatiu.com\/es\/wp-json\/wp\/v2\/pages"}],"about":[{"href":"https:\/\/lafabricaespaicreatiu.com\/es\/wp-json\/wp\/v2\/types\/page"}],"author":[{"embeddable":true,"href":"https:\/\/lafabricaespaicreatiu.com\/es\/wp-json\/wp\/v2\/users\/1"}],"replies":[{"embeddable":true,"href":"https:\/\/lafabricaespaicreatiu.com\/es\/wp-json\/wp\/v2\/comments?post=3"}],"version-history":[{"count":10,"href":"https:\/\/lafabricaespaicreatiu.com\/es\/wp-json\/wp\/v2\/pages\/3\/revisions"}],"predecessor-version":[{"id":274,"href":"https:\/\/lafabricaespaicreatiu.com\/es\/wp-json\/wp\/v2\/pages\/3\/revisions\/274"}],"wp:attachment":[{"href":"https:\/\/lafabricaespaicreatiu.com\/es\/wp-json\/wp\/v2\/media?parent=3"}],"curies":[{"name":"wp","href":"https:\/\/api.w.org\/{rel}","templated":true}]}}