{"id":13,"date":"2025-10-03T08:32:07","date_gmt":"2025-10-03T08:32:07","guid":{"rendered":"https:\/\/lafabricaespaicreatiu03102025.rkinformatika.online\/?page_id=13"},"modified":"2025-10-03T12:46:01","modified_gmt":"2025-10-03T12:46:01","slug":"serveis","status":"publish","type":"page","link":"https:\/\/lafabricaespaicreatiu.com\/es\/serveis\/","title":{"rendered":"Servicios"},"content":{"rendered":"<div data-elementor-type=\"wp-page\" data-elementor-id=\"13\" class=\"elementor elementor-13\" data-elementor-post-type=\"page\">\n\t\t\t\t<div class=\"elementor-element elementor-element-2990ad1 e-con-full e-flex e-con e-parent\" data-id=\"2990ad1\" data-element_type=\"container\" data-e-type=\"container\" data-settings=\"{&quot;background_background&quot;:&quot;classic&quot;}\">\n\t\t<div class=\"elementor-element elementor-element-68a17a2 e-con-full e-flex e-con e-child\" data-id=\"68a17a2\" data-element_type=\"container\" data-e-type=\"container\" data-settings=\"{&quot;background_background&quot;:&quot;classic&quot;}\">\n\t\t\t\t<div class=\"elementor-element elementor-element-20d7dec elementor-widget elementor-widget-spacer\" data-id=\"20d7dec\" data-element_type=\"widget\" data-e-type=\"widget\" data-widget_type=\"spacer.default\">\n\t\t\t\t\t\t\t<div class=\"elementor-spacer\">\n\t\t\t<div class=\"elementor-spacer-inner\"><\/div>\n\t\t<\/div>\n\t\t\t\t\t\t<\/div>\n\t\t\t\t<\/div>\n\t\t<div class=\"elementor-element elementor-element-9bc43da e-con-full e-flex e-con e-child\" data-id=\"9bc43da\" data-element_type=\"container\" data-e-type=\"container\" data-settings=\"{&quot;background_background&quot;:&quot;classic&quot;}\">\n\t\t\t\t<div class=\"elementor-element elementor-element-74aa1f9 elementor-headline--style-highlight elementor-widget elementor-widget-animated-headline\" data-id=\"74aa1f9\" data-element_type=\"widget\" data-e-type=\"widget\" data-settings=\"{&quot;marker&quot;:&quot;underline&quot;,&quot;highlighted_text&quot;:&quot;Serveis&quot;,&quot;headline_style&quot;:&quot;highlight&quot;,&quot;loop&quot;:&quot;yes&quot;,&quot;highlight_animation_duration&quot;:1200,&quot;highlight_iteration_delay&quot;:8000}\" data-widget_type=\"animated-headline.default\">\n\t\t\t\t\t\t\t<h3 class=\"elementor-headline\">\n\t\t\t\t<span class=\"elementor-headline-dynamic-wrapper elementor-headline-text-wrapper\">\n\t\t\t\t\t<span class=\"elementor-headline-dynamic-text elementor-headline-text-active\">Servicios<\/span>\n\t\t\t\t<\/span>\n\t\t\t\t<\/h3>\n\t\t\t\t\t\t<\/div>\n\t\t\t\t<\/div>\n\t\t\t\t<\/div>\n\t\t<div class=\"elementor-element elementor-element-074259c e-flex e-con-boxed e-con e-parent\" data-id=\"074259c\" data-element_type=\"container\" data-e-type=\"container\">\n\t\t\t\t\t<div class=\"e-con-inner\">\n\t\t<div class=\"elementor-element elementor-element-b22ffa8 e-con-full e-flex e-con e-child\" data-id=\"b22ffa8\" data-element_type=\"container\" data-e-type=\"container\">\n\t\t\t\t<div class=\"elementor-element elementor-element-d6f2f8c elementor-widget elementor-widget-heading\" data-id=\"d6f2f8c\" data-element_type=\"widget\" data-e-type=\"widget\" data-widget_type=\"heading.default\">\n\t\t\t\t\t<h2 class=\"elementor-heading-title elementor-size-default\">Disseny Gr\u00e0fic<\/h2>\t\t\t\t<\/div>\n\t\t\t\t<div class=\"elementor-element elementor-element-972e3be elementor-widget elementor-widget-text-editor\" data-id=\"972e3be\" data-element_type=\"widget\" data-e-type=\"widget\" data-widget_type=\"text-editor.default\">\n\t\t\t\t\t\t\t\t\t<p data-start=\"82\" data-end=\"416\">A <em data-start=\"124\" data-end=\"150\">La F\u00e1brica Espacio Creativo<\/em> transformem idees en imatges que comuniquen. Oferim serveis de disseny gr\u00e0fic adaptats a les necessitats de cada client: identitat corporativa, cartelleria, packaging i tot tipus de materials visuals. El nostre enfocament uneix creativitat, funcionalitat i sensibilitat art\u00edstica, aconseguint peces \u00faniques que transmeten el missatge amb for\u00e7a i coher\u00e8ncia.<\/p>\t\t\t\t\t\t\t\t<\/div>\n\t\t\t\t<\/div>\n\t\t<div class=\"elementor-element elementor-element-156954a e-con-full e-flex e-con e-child\" data-id=\"156954a\" data-element_type=\"container\" data-e-type=\"container\">\n\t\t\t\t<div class=\"elementor-element elementor-element-a9d1225 elementor-widget elementor-widget-image\" data-id=\"a9d1225\" data-element_type=\"widget\" data-e-type=\"widget\" data-widget_type=\"image.default\">\n\t\t\t\t\t\t\t\t\t\t\t\t\t\t\t<img fetchpriority=\"high\" decoding=\"async\" width=\"686\" height=\"897\" src=\"https:\/\/lafabricaespaicreatiu.com\/wp-content\/uploads\/2025\/10\/Captura-desde-2025-10-03-13-38-15.png\" class=\"attachment-full size-full wp-image-183\" alt=\"\" srcset=\"https:\/\/lafabricaespaicreatiu.com\/wp-content\/uploads\/2025\/10\/Captura-desde-2025-10-03-13-38-15.png 686w, https:\/\/lafabricaespaicreatiu.com\/wp-content\/uploads\/2025\/10\/Captura-desde-2025-10-03-13-38-15-229x300.png 229w, https:\/\/lafabricaespaicreatiu.com\/wp-content\/uploads\/2025\/10\/Captura-desde-2025-10-03-13-38-15-9x12.png 9w\" sizes=\"(max-width: 686px) 100vw, 686px\" \/>\t\t\t\t\t\t\t\t\t\t\t\t\t\t\t<\/div>\n\t\t\t\t<\/div>\n\t\t\t\t\t<\/div>\n\t\t\t\t<\/div>\n\t\t<div class=\"elementor-element elementor-element-160193d e-flex e-con-boxed e-con e-parent\" data-id=\"160193d\" data-element_type=\"container\" data-e-type=\"container\">\n\t\t\t\t\t<div class=\"e-con-inner\">\n\t\t<div class=\"elementor-element elementor-element-2c45934 e-con-full e-flex e-con e-child\" data-id=\"2c45934\" data-element_type=\"container\" data-e-type=\"container\">\n\t\t\t\t<div class=\"elementor-element elementor-element-322a181 elementor-widget elementor-widget-heading\" data-id=\"322a181\" data-element_type=\"widget\" data-e-type=\"widget\" data-widget_type=\"heading.default\">\n\t\t\t\t\t<h2 class=\"elementor-heading-title elementor-size-default\">Objectes amb Materials Reciclats<\/h2>\t\t\t\t<\/div>\n\t\t\t\t<div class=\"elementor-element elementor-element-245ef67 elementor-widget elementor-widget-text-editor\" data-id=\"245ef67\" data-element_type=\"widget\" data-e-type=\"widget\" data-widget_type=\"text-editor.default\">\n\t\t\t\t\t\t\t\t\t<p data-start=\"82\" data-end=\"416\">Creem objectes exclusius a partir de materials reciclats, donant-los una nova vida i valor. Cada pe\u00e7a \u00e9s artesanal i irrepetible, fruit del comprom\u00eds amb la sostenibilitat i la creativitat. Des de decoraci\u00f3 fins a elements funcionals, apostem per un disseny responsable que combina est\u00e8tica, originalitat i respecte pel medi ambient.<\/p>\t\t\t\t\t\t\t\t<\/div>\n\t\t\t\t<\/div>\n\t\t<div class=\"elementor-element elementor-element-fed519d e-con-full e-flex e-con e-child\" data-id=\"fed519d\" data-element_type=\"container\" data-e-type=\"container\">\n\t\t\t\t<div class=\"elementor-element elementor-element-89e098a elementor-widget elementor-widget-image\" data-id=\"89e098a\" data-element_type=\"widget\" data-e-type=\"widget\" data-widget_type=\"image.default\">\n\t\t\t\t\t\t\t\t\t\t\t\t\t\t\t<img decoding=\"async\" width=\"686\" height=\"897\" src=\"https:\/\/lafabricaespaicreatiu.com\/wp-content\/uploads\/2025\/10\/Captura-desde-2025-10-03-13-40-16.png\" class=\"attachment-full size-full wp-image-191\" alt=\"\" srcset=\"https:\/\/lafabricaespaicreatiu.com\/wp-content\/uploads\/2025\/10\/Captura-desde-2025-10-03-13-40-16.png 686w, https:\/\/lafabricaespaicreatiu.com\/wp-content\/uploads\/2025\/10\/Captura-desde-2025-10-03-13-40-16-229x300.png 229w, https:\/\/lafabricaespaicreatiu.com\/wp-content\/uploads\/2025\/10\/Captura-desde-2025-10-03-13-40-16-9x12.png 9w\" sizes=\"(max-width: 686px) 100vw, 686px\" \/>\t\t\t\t\t\t\t\t\t\t\t\t\t\t\t<\/div>\n\t\t\t\t<\/div>\n\t\t\t\t\t<\/div>\n\t\t\t\t<\/div>\n\t\t\t\t<\/div>","protected":false},"excerpt":{"rendered":"<p>Serveis Disseny Gr\u00e0fic A La F\u00e0brica Espai Creatiu transformem idees en imatges que comuniquen. Oferim serveis de disseny gr\u00e0fic adaptats a les necessitats de cada client: identitat corporativa, cartelleria, packaging i tot tipus de materials visuals. El nostre enfocament uneix creativitat, funcionalitat i sensibilitat art\u00edstica, aconseguint peces \u00faniques que transmeten el missatge amb for\u00e7a i [&hellip;]<\/p>\n","protected":false},"author":1,"featured_media":0,"parent":0,"menu_order":0,"comment_status":"closed","ping_status":"closed","template":"elementor_canvas","meta":{"footnotes":""},"class_list":["post-13","page","type-page","status-publish","hentry"],"yoast_head":"<!-- This site is optimized with the Yoast SEO plugin v27.5 - https:\/\/yoast.com\/product\/yoast-seo-wordpress\/ -->\n<title>Serveis - La F\u00e0brica Espai Creatiu S.L.<\/title>\n<meta name=\"robots\" content=\"index, follow, max-snippet:-1, max-image-preview:large, max-video-preview:-1\" \/>\n<link rel=\"canonical\" href=\"https:\/\/lafabricaespaicreatiu.com\/es\/serveis\/\" \/>\n<meta property=\"og:locale\" content=\"es_ES\" \/>\n<meta property=\"og:type\" content=\"article\" \/>\n<meta property=\"og:title\" content=\"Serveis - La F\u00e0brica Espai Creatiu S.L.\" \/>\n<meta property=\"og:description\" content=\"Serveis Disseny Gr\u00e0fic A La F\u00e0brica Espai Creatiu transformem idees en imatges que comuniquen. Oferim serveis de disseny gr\u00e0fic adaptats a les necessitats de cada client: identitat corporativa, cartelleria, packaging i tot tipus de materials visuals. El nostre enfocament uneix creativitat, funcionalitat i sensibilitat art\u00edstica, aconseguint peces \u00faniques que transmeten el missatge amb for\u00e7a i [&hellip;]\" \/>\n<meta property=\"og:url\" content=\"https:\/\/lafabricaespaicreatiu.com\/es\/serveis\/\" \/>\n<meta property=\"og:site_name\" content=\"La F\u00e0brica Espai Creatiu S.L.\" \/>\n<meta property=\"article:modified_time\" content=\"2025-10-03T12:46:01+00:00\" \/>\n<meta property=\"og:image\" content=\"https:\/\/lafabricaespaicreatiu.com\/wp-content\/uploads\/2025\/10\/Captura-desde-2025-10-03-13-38-15.png\" \/>\n<meta name=\"twitter:card\" content=\"summary_large_image\" \/>\n<meta name=\"twitter:label1\" content=\"Tiempo de lectura\" \/>\n\t<meta name=\"twitter:data1\" content=\"1 minuto\" \/>\n<script type=\"application\/ld+json\" class=\"yoast-schema-graph\">{\"@context\":\"https:\\\/\\\/schema.org\",\"@graph\":[{\"@type\":\"WebPage\",\"@id\":\"https:\\\/\\\/lafabricaespaicreatiu.com\\\/serveis\\\/\",\"url\":\"https:\\\/\\\/lafabricaespaicreatiu.com\\\/serveis\\\/\",\"name\":\"Serveis - La F\u00e0brica Espai Creatiu S.L.\",\"isPartOf\":{\"@id\":\"https:\\\/\\\/lafabricaespaicreatiu.com\\\/#website\"},\"primaryImageOfPage\":{\"@id\":\"https:\\\/\\\/lafabricaespaicreatiu.com\\\/serveis\\\/#primaryimage\"},\"image\":{\"@id\":\"https:\\\/\\\/lafabricaespaicreatiu.com\\\/serveis\\\/#primaryimage\"},\"thumbnailUrl\":\"https:\\\/\\\/lafabricaespaicreatiu.com\\\/wp-content\\\/uploads\\\/2025\\\/10\\\/Captura-desde-2025-10-03-13-38-15.png\",\"datePublished\":\"2025-10-03T08:32:07+00:00\",\"dateModified\":\"2025-10-03T12:46:01+00:00\",\"breadcrumb\":{\"@id\":\"https:\\\/\\\/lafabricaespaicreatiu.com\\\/serveis\\\/#breadcrumb\"},\"inLanguage\":\"es\",\"potentialAction\":[{\"@type\":\"ReadAction\",\"target\":[\"https:\\\/\\\/lafabricaespaicreatiu.com\\\/serveis\\\/\"]}]},{\"@type\":\"ImageObject\",\"inLanguage\":\"es\",\"@id\":\"https:\\\/\\\/lafabricaespaicreatiu.com\\\/serveis\\\/#primaryimage\",\"url\":\"https:\\\/\\\/lafabricaespaicreatiu.com\\\/wp-content\\\/uploads\\\/2025\\\/10\\\/Captura-desde-2025-10-03-13-38-15.png\",\"contentUrl\":\"https:\\\/\\\/lafabricaespaicreatiu.com\\\/wp-content\\\/uploads\\\/2025\\\/10\\\/Captura-desde-2025-10-03-13-38-15.png\"},{\"@type\":\"BreadcrumbList\",\"@id\":\"https:\\\/\\\/lafabricaespaicreatiu.com\\\/serveis\\\/#breadcrumb\",\"itemListElement\":[{\"@type\":\"ListItem\",\"position\":1,\"name\":\"Portada\",\"item\":\"https:\\\/\\\/lafabricaespaicreatiu.com\\\/\"},{\"@type\":\"ListItem\",\"position\":2,\"name\":\"Serveis\"}]},{\"@type\":\"WebSite\",\"@id\":\"https:\\\/\\\/lafabricaespaicreatiu.com\\\/#website\",\"url\":\"https:\\\/\\\/lafabricaespaicreatiu.com\\\/\",\"name\":\"La F\u00e0brica Espai Creatiu S.L.\",\"description\":\"Disseny gr\u00e0fic, objectes amb materials reciclats. \",\"publisher\":{\"@id\":\"https:\\\/\\\/lafabricaespaicreatiu.com\\\/#organization\"},\"potentialAction\":[{\"@type\":\"SearchAction\",\"target\":{\"@type\":\"EntryPoint\",\"urlTemplate\":\"https:\\\/\\\/lafabricaespaicreatiu.com\\\/?s={search_term_string}\"},\"query-input\":{\"@type\":\"PropertyValueSpecification\",\"valueRequired\":true,\"valueName\":\"search_term_string\"}}],\"inLanguage\":\"es\"},{\"@type\":\"Organization\",\"@id\":\"https:\\\/\\\/lafabricaespaicreatiu.com\\\/#organization\",\"name\":\"La F\u00e0brica Espai Creatiu S.L.\",\"url\":\"https:\\\/\\\/lafabricaespaicreatiu.com\\\/\",\"logo\":{\"@type\":\"ImageObject\",\"inLanguage\":\"es\",\"@id\":\"https:\\\/\\\/lafabricaespaicreatiu.com\\\/#\\\/schema\\\/logo\\\/image\\\/\",\"url\":\"https:\\\/\\\/lafabricaespaicreatiu.com\\\/wp-content\\\/uploads\\\/2025\\\/10\\\/cropped-B55080840_logoarriba-e1759481023235.jpg\",\"contentUrl\":\"https:\\\/\\\/lafabricaespaicreatiu.com\\\/wp-content\\\/uploads\\\/2025\\\/10\\\/cropped-B55080840_logoarriba-e1759481023235.jpg\",\"width\":346,\"height\":173,\"caption\":\"La F\u00e0brica Espai Creatiu S.L.\"},\"image\":{\"@id\":\"https:\\\/\\\/lafabricaespaicreatiu.com\\\/#\\\/schema\\\/logo\\\/image\\\/\"}}]}<\/script>\n<!-- \/ Yoast SEO plugin. -->","yoast_head_json":{"title":"Serveis - La F\u00e0brica Espai Creatiu S.L.","robots":{"index":"index","follow":"follow","max-snippet":"max-snippet:-1","max-image-preview":"max-image-preview:large","max-video-preview":"max-video-preview:-1"},"canonical":"https:\/\/lafabricaespaicreatiu.com\/es\/serveis\/","og_locale":"es_ES","og_type":"article","og_title":"Serveis - La F\u00e0brica Espai Creatiu S.L.","og_description":"Serveis Disseny Gr\u00e0fic A La F\u00e0brica Espai Creatiu transformem idees en imatges que comuniquen. Oferim serveis de disseny gr\u00e0fic adaptats a les necessitats de cada client: identitat corporativa, cartelleria, packaging i tot tipus de materials visuals. El nostre enfocament uneix creativitat, funcionalitat i sensibilitat art\u00edstica, aconseguint peces \u00faniques que transmeten el missatge amb for\u00e7a i [&hellip;]","og_url":"https:\/\/lafabricaespaicreatiu.com\/es\/serveis\/","og_site_name":"La F\u00e0brica Espai Creatiu S.L.","article_modified_time":"2025-10-03T12:46:01+00:00","og_image":[{"url":"https:\/\/lafabricaespaicreatiu.com\/wp-content\/uploads\/2025\/10\/Captura-desde-2025-10-03-13-38-15.png","type":"","width":"","height":""}],"twitter_card":"summary_large_image","twitter_misc":{"Tiempo de lectura":"1 minuto"},"schema":{"@context":"https:\/\/schema.org","@graph":[{"@type":"WebPage","@id":"https:\/\/lafabricaespaicreatiu.com\/serveis\/","url":"https:\/\/lafabricaespaicreatiu.com\/serveis\/","name":"Serveis - La F\u00e0brica Espai Creatiu S.L.","isPartOf":{"@id":"https:\/\/lafabricaespaicreatiu.com\/#website"},"primaryImageOfPage":{"@id":"https:\/\/lafabricaespaicreatiu.com\/serveis\/#primaryimage"},"image":{"@id":"https:\/\/lafabricaespaicreatiu.com\/serveis\/#primaryimage"},"thumbnailUrl":"https:\/\/lafabricaespaicreatiu.com\/wp-content\/uploads\/2025\/10\/Captura-desde-2025-10-03-13-38-15.png","datePublished":"2025-10-03T08:32:07+00:00","dateModified":"2025-10-03T12:46:01+00:00","breadcrumb":{"@id":"https:\/\/lafabricaespaicreatiu.com\/serveis\/#breadcrumb"},"inLanguage":"es","potentialAction":[{"@type":"ReadAction","target":["https:\/\/lafabricaespaicreatiu.com\/serveis\/"]}]},{"@type":"ImageObject","inLanguage":"es","@id":"https:\/\/lafabricaespaicreatiu.com\/serveis\/#primaryimage","url":"https:\/\/lafabricaespaicreatiu.com\/wp-content\/uploads\/2025\/10\/Captura-desde-2025-10-03-13-38-15.png","contentUrl":"https:\/\/lafabricaespaicreatiu.com\/wp-content\/uploads\/2025\/10\/Captura-desde-2025-10-03-13-38-15.png"},{"@type":"BreadcrumbList","@id":"https:\/\/lafabricaespaicreatiu.com\/serveis\/#breadcrumb","itemListElement":[{"@type":"ListItem","position":1,"name":"Portada","item":"https:\/\/lafabricaespaicreatiu.com\/"},{"@type":"ListItem","position":2,"name":"Serveis"}]},{"@type":"WebSite","@id":"https:\/\/lafabricaespaicreatiu.com\/#website","url":"https:\/\/lafabricaespaicreatiu.com\/","name":"La F\u00e0brica Espai Creatiu S.L.","description":"Disseny gr\u00e0fic, objectes amb materials reciclats.","publisher":{"@id":"https:\/\/lafabricaespaicreatiu.com\/#organization"},"potentialAction":[{"@type":"SearchAction","target":{"@type":"EntryPoint","urlTemplate":"https:\/\/lafabricaespaicreatiu.com\/?s={search_term_string}"},"query-input":{"@type":"PropertyValueSpecification","valueRequired":true,"valueName":"search_term_string"}}],"inLanguage":"es"},{"@type":"Organization","@id":"https:\/\/lafabricaespaicreatiu.com\/#organization","name":"La F\u00e0brica Espai Creatiu S.L.","url":"https:\/\/lafabricaespaicreatiu.com\/","logo":{"@type":"ImageObject","inLanguage":"es","@id":"https:\/\/lafabricaespaicreatiu.com\/#\/schema\/logo\/image\/","url":"https:\/\/lafabricaespaicreatiu.com\/wp-content\/uploads\/2025\/10\/cropped-B55080840_logoarriba-e1759481023235.jpg","contentUrl":"https:\/\/lafabricaespaicreatiu.com\/wp-content\/uploads\/2025\/10\/cropped-B55080840_logoarriba-e1759481023235.jpg","width":346,"height":173,"caption":"La F\u00e0brica Espai Creatiu S.L."},"image":{"@id":"https:\/\/lafabricaespaicreatiu.com\/#\/schema\/logo\/image\/"}}]}},"_links":{"self":[{"href":"https:\/\/lafabricaespaicreatiu.com\/es\/wp-json\/wp\/v2\/pages\/13","targetHints":{"allow":["GET"]}}],"collection":[{"href":"https:\/\/lafabricaespaicreatiu.com\/es\/wp-json\/wp\/v2\/pages"}],"about":[{"href":"https:\/\/lafabricaespaicreatiu.com\/es\/wp-json\/wp\/v2\/types\/page"}],"author":[{"embeddable":true,"href":"https:\/\/lafabricaespaicreatiu.com\/es\/wp-json\/wp\/v2\/users\/1"}],"replies":[{"embeddable":true,"href":"https:\/\/lafabricaespaicreatiu.com\/es\/wp-json\/wp\/v2\/comments?post=13"}],"version-history":[{"count":46,"href":"https:\/\/lafabricaespaicreatiu.com\/es\/wp-json\/wp\/v2\/pages\/13\/revisions"}],"predecessor-version":[{"id":265,"href":"https:\/\/lafabricaespaicreatiu.com\/es\/wp-json\/wp\/v2\/pages\/13\/revisions\/265"}],"wp:attachment":[{"href":"https:\/\/lafabricaespaicreatiu.com\/es\/wp-json\/wp\/v2\/media?parent=13"}],"curies":[{"name":"wp","href":"https:\/\/api.w.org\/{rel}","templated":true}]}}